{"id":10831,"date":"2019-01-17T10:59:51","date_gmt":"2019-01-17T10:59:51","guid":{"rendered":"https:\/\/www.blackwellglobal.co.uk\/?page_id=10831\/"},"modified":"2019-12-03T09:39:16","modified_gmt":"2019-12-03T09:39:16","slug":"legal-regulatory-execution-venues-and-quality-of-execution","status":"publish","type":"page","link":"https:\/\/www.blackwellglobal.co.uk\/hu\/legal-regulatory-execution-venues-and-quality-of-execution\/","title":{"rendered":"Jog \u00e9s szab\u00e1lyoz\u00e1s"},"content":{"rendered":"","protected":false},"excerpt":{"rendered":"","protected":false},"author":448,"featured_media":0,"parent":0,"menu_order":0,"comment_status":"closed","ping_status":"closed","template":"","meta":{"footnotes":""},"yoast_head":"<!-- This site is optimized with the Yoast SEO Premium plugin v15.4 - https:\/\/yoast.com\/wordpress\/plugins\/seo\/ -->\n<title>Jog \u00e9s szab\u00e1lyoz\u00e1s - Blackwell Global<\/title>\n<meta name=\"robots\" content=\"index, follow, max-snippet:-1, max-image-preview:large, max-video-preview:-1\" \/>\n<link rel=\"canonical\" href=\"https:\/\/www.blackwellglobal.co.uk\/hu\/legal-regulatory-execution-venues-and-quality-of-execution\/\" \/>\n<meta property=\"og:locale\" content=\"hu_HU\" \/>\n<meta property=\"og:type\" content=\"article\" \/>\n<meta property=\"og:title\" content=\"Jog \u00e9s szab\u00e1lyoz\u00e1s - Blackwell Global\" \/>\n<meta property=\"og:url\" content=\"https:\/\/www.blackwellglobal.co.uk\/hu\/legal-regulatory-execution-venues-and-quality-of-execution\/\" \/>\n<meta property=\"og:site_name\" content=\"Blackwell Global\" \/>\n<meta property=\"article:publisher\" content=\"https:\/\/www.facebook.com\/BlackwellGlobal\/\" \/>\n<meta property=\"article:modified_time\" content=\"2019-12-03T09:39:16+00:00\" \/>\n<meta name=\"twitter:card\" content=\"summary\" \/>\n<meta name=\"twitter:creator\" content=\"@BlackwellGlobal\" \/>\n<meta name=\"twitter:site\" content=\"@BlackwellGlobal\" \/>\n<meta name=\"twitter:label1\" content=\"Szerz\u0151:\">\n\t<meta name=\"twitter:data1\" content=\"Adrian Iscru\">\n<script type=\"application\/ld+json\" class=\"yoast-schema-graph\">{\"@context\":\"https:\/\/schema.org\",\"@graph\":[{\"@type\":\"Organization\",\"@id\":\"https:\/\/www.blackwellglobal.co.uk\/#organization\",\"name\":\"Blackwell Global Investments Limited\",\"url\":\"https:\/\/www.blackwellglobal.co.uk\/\",\"sameAs\":[\"https:\/\/www.facebook.com\/BlackwellGlobal\/\",\"https:\/\/www.instagram.com\/blackwellglobal\/\",\"https:\/\/www.linkedin.com\/company\/2846307?trk=vsrp_companies_res_name&amp;amp;amp;amp;amp;amp;amp;trkInfo=VSRPsearchId:1570072551380524176058,VSRPtargetId:28\",\"https:\/\/www.youtube.com\/user\/blackwelltrader\",\"https:\/\/twitter.com\/BlackwellGlobal\"],\"logo\":{\"@type\":\"ImageObject\",\"@id\":\"https:\/\/www.blackwellglobal.co.uk\/#logo\",\"inLanguage\":\"hu\",\"url\":\"https:\/\/www.blackwellglobal.co.uk\/wp-content\/uploads\/2020\/07\/blackwellglobal-logo-hi-res-aniversary-500-white.png\",\"width\":1024,\"height\":177,\"caption\":\"Blackwell Global Investments Limited\"},\"image\":{\"@id\":\"https:\/\/www.blackwellglobal.co.uk\/#logo\"}},{\"@type\":\"WebSite\",\"@id\":\"https:\/\/www.blackwellglobal.co.uk\/#website\",\"url\":\"https:\/\/www.blackwellglobal.co.uk\/\",\"name\":\"Blackwell Global\",\"description\":\"\",\"publisher\":{\"@id\":\"https:\/\/www.blackwellglobal.co.uk\/#organization\"},\"potentialAction\":[{\"@type\":\"SearchAction\",\"target\":\"https:\/\/www.blackwellglobal.co.uk\/?s={search_term_string}\",\"query-input\":\"required name=search_term_string\"}],\"inLanguage\":\"hu\"},{\"@type\":\"WebPage\",\"@id\":\"https:\/\/www.blackwellglobal.co.uk\/hu\/legal-regulatory-execution-venues-and-quality-of-execution\/#webpage\",\"url\":\"https:\/\/www.blackwellglobal.co.uk\/hu\/legal-regulatory-execution-venues-and-quality-of-execution\/\",\"name\":\"Jog \\u00e9s szab\\u00e1lyoz\\u00e1s - Blackwell Global\",\"isPartOf\":{\"@id\":\"https:\/\/www.blackwellglobal.co.uk\/#website\"},\"datePublished\":\"2019-01-17T10:59:51+00:00\",\"dateModified\":\"2019-12-03T09:39:16+00:00\",\"inLanguage\":\"hu\",\"potentialAction\":[{\"@type\":\"ReadAction\",\"target\":[\"https:\/\/www.blackwellglobal.co.uk\/hu\/legal-regulatory-execution-venues-and-quality-of-execution\/\"]}]}]}<\/script>\n<!-- \/ Yoast SEO Premium plugin. -->","_links":{"self":[{"href":"https:\/\/www.blackwellglobal.co.uk\/hu\/wp-json\/wp\/v2\/pages\/10831"}],"collection":[{"href":"https:\/\/www.blackwellglobal.co.uk\/hu\/wp-json\/wp\/v2\/pages"}],"about":[{"href":"https:\/\/www.blackwellglobal.co.uk\/hu\/wp-json\/wp\/v2\/types\/page"}],"author":[{"embeddable":true,"href":"https:\/\/www.blackwellglobal.co.uk\/hu\/wp-json\/wp\/v2\/users\/448"}],"replies":[{"embeddable":true,"href":"https:\/\/www.blackwellglobal.co.uk\/hu\/wp-json\/wp\/v2\/comments?post=10831"}],"version-history":[{"count":0,"href":"https:\/\/www.blackwellglobal.co.uk\/hu\/wp-json\/wp\/v2\/pages\/10831\/revisions"}],"wp:attachment":[{"href":"https:\/\/www.blackwellglobal.co.uk\/hu\/wp-json\/wp\/v2\/media?parent=10831"}],"curies":[{"name":"wp","href":"https:\/\/api.w.org\/{rel}","templated":true}]}}